{"id":7016,"date":"2017-01-01T11:11:10","date_gmt":"2017-01-01T10:11:10","guid":{"rendered":"https:\/\/www.amweb.ch\/home\/"},"modified":"2017-08-23T14:49:21","modified_gmt":"2017-08-23T12:49:21","slug":"home","status":"publish","type":"page","link":"https:\/\/www.amweb.ch\/de\/","title":{"rendered":"Home"},"content":{"rendered":"<div class=\"wpb-content-wrapper\">[vc_row fullwidth=&#8220;true&#8220; attached=&#8220;true&#8220; padding=&#8220;0&#8243;][vc_column][mk_edge_slider swiper_bg=&#8220;#1bbc9b&#8220; parallax=&#8220;true&#8220; order=&#8220;ASC&#8220; height=&#8220;750&#8243; animation_effect=&#8220;kenburned&#8220; direction_nav=&#8220;thumbflip&#8220; pagination=&#8220;none&#8220; skip_arrow=&#8220;false&#8220; el_class=&#8220;home-slider&#8220; slides=&#8220;18426, 18428, 18430&#8243;][\/vc_column][\/vc_row][mk_page_section bg_image=&#8220;https:\/\/www.amweb.ch\/wp-content\/uploads\/2016\/10\/imac_desk.jpg&#8220; attachment=&#8220;fixed&#8220; bg_position=&#8220;center center&#8220; bg_repeat=&#8220;no-repeat&#8220; bg_stretch=&#8220;true&#8220; bg_gradient=&#8220;horizontal&#8220; video_color_mask=&#8220;#0bac7e&#8220; gr_end=&#8220;#164194&#8243; video_opacity=&#8220;0.9&#8243; min_height=&#8220;50&#8243; full_width=&#8220;true&#8220; padding_top=&#8220;110&#8243; padding_bottom=&#8220;110&#8243; sidebar=&#8220;sidebar-1&#8243; first_page=&#8220;false&#8220; last_page=&#8220;false&#8220;][vc_column offset=&#8220;vc_col-lg-offset-3 vc_col-lg-6 vc_col-md-offset-3 vc_col-md-6&#8243;][mk_fancy_title tag_name=&#8220;h4&#8243; color=&#8220;#ffffff&#8220; size=&#8220;30&#8243; txt_transform=&#8220;none&#8220; margin_bottom=&#8220;0&#8243; font_family=&#8220;none&#8220; align=&#8220;center&#8220;]Komplette, schnelle und g\u00fcnstige Dienstleistungen[\/mk_fancy_title][mk_fancy_title tag_name=&#8220;h5&#8243; color=&#8220;#ffffff&#8220; size=&#8220;16&#8243; txt_transform=&#8220;none&#8220; margin_top=&#8220;30&#8243; margin_bottom=&#8220;60&#8243; font_family=&#8220;none&#8220; align=&#8220;center&#8220;]AMWeb begleitet Sie beim\u00a0Wachstum Ihrer Firma.<\/p>\n<p>Egal ob es sich um eine neue Webseite, um\u00a0die Auffrischung einer existierenden Webseite, um die Konfiguration einer Verwaltungs-Software, oder um die einfache Konfiguration einer Email-Adresse handelt, AMWeb begleitet Sie und bietet Ihnen die angemessene Beratung, mit dem\u00a0Ziel Ihre Sichtbarkeit zu erh\u00f6hen, Ihren Auftritt den Kunden gegen\u00fcber zu verbessern und die t\u00e4glichen Prozesse zu vereinfachen.[\/mk_fancy_title][mk_button dimension=&#8220;outline&#8220; corner_style=&#8220;rounded&#8220; size=&#8220;large&#8220; url=&#8220;\/de\/dienste&#8220; align=&#8220;center&#8220; margin_bottom=&#8220;0&#8243; outline_skin=&#8220;light&#8220;]DIENSTLEISTUNGEN[\/mk_button][\/vc_column][\/mk_page_section][mk_page_section layout_structure=&#8220;half_left&#8220; bg_image=&#8220;https:\/\/www.amweb.ch\/wp-content\/uploads\/2016\/10\/ama_2.jpg&#8220; top_shape_color=&#8220;#ffffff&#8220; bottom_shape_style=&#8220;folded-bottom&#8220; bottom_shape_color=&#8220;#f9fafc&#8220;][vc_column][mk_fancy_title tag_name=&#8220;h4&#8243; color=&#8220;#333333&#8243; size=&#8220;30&#8243; txt_transform=&#8220;none&#8220; margin_top=&#8220;75&#8243; margin_bottom=&#8220;30&#8243; font_family=&#8220;none&#8220; align=&#8220;center&#8220;]\u00dcber mich[\/mk_fancy_title][vc_column_text]Ich bin Aron Martinez, 1985 in Bellinzona geboren und seit immer von Technologie,\u00a0Gadgets und vor allem von der Informatik fasziniert.<br \/>\nDies hat mich dazu getrieben, mein Informatik-Studium an der Universit\u00e4t Fribourg zu absolvieren.<\/p>\n<p>Nach dem Studium bin ich ins Tessin zur\u00fcckgekehrt, um eine Arbeit als Web-Entwickler und Projektmanager in einer bekannten Tessiner Agentur zu beginnen.\u00a0Anschliessend habe ich meine Karriere in einer grossen\u00a0Firma in der Finanzbranche, als Projektmanager weitergef\u00fchrt, habe aber in der Freizeit meine Leidenschaft f\u00fcr die Web-Entwicklung und die Welt der Gadgets weitergef\u00fchrt.<\/p>\n<p>Nach einigen Jahren z\u00f6gern, habe ich schlussendlich beschlossen meine Eigenen Firma, AMWeb, zu starten, mit dem Ziel das Internet zu einem angenehmeren\u00a0Ort zu machen, welcher f\u00fcr alle zug\u00e4nglich ist.[\/vc_column_text][vc_empty_space height=&#8220;50px&#8220;][\/vc_column][\/mk_page_section][mk_page_section layout_structure=&#8220;half_right&#8220; bg_image=&#8220;https:\/\/www.amweb.ch\/wp-content\/uploads\/2014\/09\/Home-01.jpg&#8220; top_shape_color=&#8220;#ffffff&#8220; bottom_shape_style=&#8220;folded-bottom&#8220; bottom_shape_color=&#8220;#f9fafc&#8220;][vc_column][mk_fancy_title tag_name=&#8220;h4&#8243; color=&#8220;#333333&#8243; size=&#8220;30&#8243; txt_transform=&#8220;none&#8220; margin_top=&#8220;75&#8243; margin_bottom=&#8220;30&#8243; font_family=&#8220;none&#8220; align=&#8220;center&#8220;]Wieso AMWeb[\/mk_fancy_title][vc_column_text]Der klassische Ansatz zur Entwicklung von Webseiten (und zur Digitalisierung Ihres Unternehmens im Allgemeinen) hat einige grundlegende Probleme:<\/p>\n<ul>\n<li>Es ist schwierig, alles selbstst\u00e4ndig zu erledigen, w\u00e4hrend man mit der konstanten Entwicklung der Digitalen Welt Schritt halten muss<\/li>\n<li>Sie k\u00f6nnen einen Bekannten\/Verwandten\/Freund finden, welcher Ihnen mit einigen Aktivit\u00e4ten hilft, aber man muss auch ber\u00fccksichtigen, dass die Freizeit einer Person begrenzt ist, somit wird sie Ihnen nicht immer\u00a0die volle\u00a0Unterst\u00fctzung geben k\u00f6nnen, die Sie\u00a0ben\u00f6tigen<\/li>\n<li>Falls Sie sich schlussendlich\u00a0entscheiden,\u00a0eine Agentur aufzusuchen, sind die Kosten oft \u00fcbertrieben und Sie laufen Sie Gefahr, als ein einfaches Projekt behandelt zu werden, welches nach dem Abschluss\u00a0vergessen wird<\/li>\n<\/ul>\n<p>Dank AMWeb will ich\u00a0diese grundlegenden Probleme l\u00f6sen, indem ich meine Dienste f\u00fcr alle zug\u00e4nglich mache. Ich habe daher beschlossen, den klassischen Fix-Preis\u00a0zu \u00fcberarbeiten, und an seiner Stelle ein erschwingliches monatliches Abonnement anzubieten, welches \u00fcbersichtlich und frei anpassbar ist.[\/vc_column_text][vc_column_text]Falls Sie bisher gez\u00f6gert haben, sich an eine Agentur zu wenden, um die Digitalisierung Ihres Unternehmens zu erleichtern (mit Ihrer eigenen Domain, einer oder mehreren professionellen E-Mail-Adressen, eine Website, einen Newsletter, eine Verwaltungs-Software oder anderes), z\u00f6gern Sie nicht, mich zu kontaktieren.[\/vc_column_text][vc_empty_space height=&#8220;50px&#8220;][\/vc_column][\/mk_page_section][vc_row fullwidth=&#8220;true&#8220; fullwidth_content=&#8220;false&#8220; css=&#8220;.vc_custom_1480347750173{background-color: #f9fafc !important;}&#8220;][vc_column css=&#8220;.vc_custom_1411565631425{padding-top: 90px !important;padding-bottom: 100px !important;}&#8220;][mk_fancy_title tag_name=&#8220;h4&#8243; color=&#8220;#333333&#8243; size=&#8220;30&#8243; txt_transform=&#8220;none&#8220; margin_bottom=&#8220;30&#8243; font_family=&#8220;none&#8220; align=&#8220;center&#8220;]Die St\u00e4rken von AMWeb[\/mk_fancy_title][vc_row_inner padding=&#8220;0&#8243;][vc_column_inner width=&#8220;1\/4&#8243; css=&#8220;.vc_custom_1411565921617{padding-right: 45px !important;padding-left: 45px !important;}&#8220;][mk_icon_box2 icon_size=&#8220;48&#8243; icon=&#8220;mk-moon-calculate-2&#8243; icon_color=&#8220;#0bac7e&#8220; icon_background_color=&#8220;#ffffff&#8220; icon_border_color=&#8220;#e5e5e5&#8243; icon_hover_color=&#8220;#ffffff&#8220; icon_hover_background_color=&#8220;#1bbc9b&#8220; icon_hover_border_color=&#8220;#1bbc9b&#8220; title=&#8220;Komfort&#8220; title_color=&#8220;#333333&#8243; title_top_padding=&#8220;35&#8243; title_bottom_padding=&#8220;40&#8243; read_more_url=&#8220;\/servizi\/abbonamenti-web&#8220;]Dank den praktischen monatlichen Abonnements erhalten Sie ein erschwingliches, zuverl\u00e4ssiges und auf Ihre Bed\u00fcrfnisse abgestimmtes Produkt.[\/mk_icon_box2][\/vc_column_inner][vc_column_inner width=&#8220;1\/4&#8243; css=&#8220;.vc_custom_1411565927939{padding-right: 45px !important;padding-left: 45px !important;}&#8220;][mk_icon_box2 icon_size=&#8220;48&#8243; icon=&#8220;mk-moon-puzzle-3&#8243; icon_color=&#8220;#0bac7e&#8220; icon_background_color=&#8220;#ffffff&#8220; icon_border_color=&#8220;#e5e5e5&#8243; icon_hover_color=&#8220;#ffffff&#8220; icon_hover_background_color=&#8220;#1bbc9b&#8220; icon_hover_border_color=&#8220;#1bbc9b&#8220; title=&#8220;360\u00b0-Integrationen&#8220; title_color=&#8220;#333333&#8243; title_top_padding=&#8220;35&#8243; title_bottom_padding=&#8220;40&#8243;]AMWeb zielt darauf ab, Ihren Alltag zu vereinfachen, indem Ihre Prozesse so viel wie m\u00f6glich vereinfacht und automatisiert werden.[\/mk_icon_box2][\/vc_column_inner][vc_column_inner width=&#8220;1\/4&#8243; css=&#8220;.vc_custom_1411565934607{padding-right: 45px !important;padding-left: 45px !important;}&#8220;][mk_icon_box2 icon_size=&#8220;48&#8243; icon=&#8220;mk-icon-rocket&#8220; icon_color=&#8220;#0bac7e&#8220; icon_background_color=&#8220;#ffffff&#8220; icon_border_color=&#8220;#e5e5e5&#8243; icon_hover_color=&#8220;#ffffff&#8220; icon_hover_background_color=&#8220;#1bbc9b&#8220; icon_hover_border_color=&#8220;#1bbc9b&#8220; title=&#8220;Schnell und effektiv&#8220; title_color=&#8220;#333333&#8243; title_top_padding=&#8220;35&#8243; title_bottom_padding=&#8220;40&#8243;]Dank langj\u00e4hriger Erfahrung und dem agilen Ansatz wird Ihnen ein schnelles und effektives Ergebnis geliefert.[\/mk_icon_box2][\/vc_column_inner][vc_column_inner width=&#8220;1\/4&#8243; css=&#8220;.vc_custom_1411565941381{padding-right: 45px !important;padding-left: 45px !important;}&#8220;][mk_icon_box2 icon_size=&#8220;48&#8243; icon=&#8220;mk-moon-heart-7&#8243; icon_color=&#8220;#0bac7e&#8220; icon_background_color=&#8220;#ffffff&#8220; icon_border_color=&#8220;#e5e5e5&#8243; icon_hover_color=&#8220;#ffffff&#8220; icon_hover_background_color=&#8220;#1bbc9b&#8220; icon_hover_border_color=&#8220;#1bbc9b&#8220; title=&#8220;Zuverl\u00e4ssigkeit&#8220; title_color=&#8220;#333333&#8243; title_top_padding=&#8220;35&#8243; title_bottom_padding=&#8220;40&#8243;]AMWeb ist immer f\u00fcr Sie da und bietet Ihnen die Unterst\u00fctzung, die Sie verdienen, dank den Support-Paketen welche in allen Abonnements inbegriffen sind.[\/mk_icon_box2][\/vc_column_inner][\/vc_row_inner][\/vc_column][\/vc_row][mk_page_section bg_image=&#8220;https:\/\/www.amweb.ch\/wp-content\/uploads\/2016\/10\/code_action.jpg&#8220; attachment=&#8220;fixed&#8220; bg_position=&#8220;center center&#8220; bg_repeat=&#8220;no-repeat&#8220; bg_stretch=&#8220;true&#8220; bg_gradient=&#8220;horizontal&#8220; video_color_mask=&#8220;#0bac7e&#8220; gr_end=&#8220;#164194&#8243; video_opacity=&#8220;0.9&#8243; full_width=&#8220;true&#8220; padding_top=&#8220;110&#8243; padding_bottom=&#8220;110&#8243; top_shape_color=&#8220;#ffffff&#8220; has_bottom_shape_divider=&#8220;true&#8220; bottom_shape_style=&#8220;jagged-bottom&#8220; bottom_shape_color=&#8220;#f9fafc&#8220; sidebar=&#8220;sidebar-1&#8243; first_page=&#8220;false&#8220; last_page=&#8220;false&#8220;][vc_column offset=&#8220;vc_col-lg-offset-3 vc_col-lg-6 vc_col-md-offset-3 vc_col-md-6&#8243;][mk_fancy_title tag_name=&#8220;h4&#8243; color=&#8220;#ffffff&#8220; size=&#8220;30&#8243; txt_transform=&#8220;none&#8220; margin_bottom=&#8220;0&#8243; font_family=&#8220;none&#8220; align=&#8220;center&#8220;]Ein Service, der Ihren Bed\u00fcrfnissen entspricht[\/mk_fancy_title][mk_fancy_title tag_name=&#8220;h5&#8243; color=&#8220;#ffffff&#8220; size=&#8220;16&#8243; txt_transform=&#8220;none&#8220; margin_top=&#8220;30&#8243; margin_bottom=&#8220;60&#8243; font_family=&#8220;none&#8220; align=&#8220;center&#8220;]Das Hauptziel von AMWeb ist es, KMU die M\u00f6glichkeit zu bieten, dank ihrer Web-Pr\u00e4senz beachtet zu werden und zu wachsen.<\/p>\n<p>Ich begleite Sie und wachse mit Ihnen: Beginnen Sie mit dem Wesentlichen und mit einem begrenzten Anfangs-Budget, Sie k\u00f6nnen Ihre Website und die verbundenen Dienstleistungen jederzeit zu einem sp\u00e4teren Zeitpunkt nach Ihren Bed\u00fcrfnissen und W\u00fcnschen erweitern.<\/p>\n<p>Mein Ziel ist es, eine stabile und dauerhafte Vertrauensbeziehung zu schaffen, Sie zu begleiten, und mich an Ihre Bed\u00fcrfnisse anzupassen, indem ich mich mit Ihnen weiter entwickle.[\/mk_fancy_title][vc_row_inner][vc_column_inner width=&#8220;1\/2&#8243;][mk_button dimension=&#8220;flat&#8220; corner_style=&#8220;rounded&#8220; size=&#8220;large&#8220; url=&#8220;\/servizi\/offerta&#8220; align=&#8220;right&#8220; margin_bottom=&#8220;0&#8243; bg_color=&#8220;#1bbc9b&#8220; btn_hover_bg=&#8220;#0aa075&#8243; btn_hover_txt_color=&#8220;#ededed&#8220;]OFFERTE ANFRAGEN[\/mk_button][\/vc_column_inner][vc_column_inner width=&#8220;1\/2&#8243;][mk_button dimension=&#8220;outline&#8220; corner_style=&#8220;rounded&#8220; size=&#8220;large&#8220; url=&#8220;\/servizi&#8220; margin_bottom=&#8220;0&#8243; outline_skin=&#8220;light&#8220;]MEHR DETAILS[\/mk_button][\/vc_column_inner][\/vc_row_inner][\/vc_column][\/mk_page_section][mk_page_section bg_color=&#8220;#f9fafc&#8220; padding_bottom=&#8220;40&#8243; top_shape_style=&#8220;jagged-top&#8220; top_shape_color=&#8220;rgba(27,188,155,0.9)&#8220; top_shape_bg_color=&#8220;#f9fafc&#8220; bottom_shape_color=&#8220;#ffffff&#8220; sidebar=&#8220;sidebar-1&#8243; first_page=&#8220;false&#8220; last_page=&#8220;false&#8220;][vc_column][mk_fancy_title tag_name=&#8220;h3&#8243; color=&#8220;#444444&#8243; size=&#8220;34&#8243; txt_transform=&#8220;none&#8220; margin_top=&#8220;75&#8243; margin_bottom=&#8220;0&#8243; font_family=&#8220;none&#8220; align=&#8220;center&#8220;]Abonnements[\/mk_fancy_title][mk_pricing_table style=&#8220;monocolor&#8220; order=&#8220;ASC&#8220;]\n<ul>\n<li>Domain-Namen<\/li>\n<li>Hosting<\/li>\n<li>E-Mail<\/li>\n<li>Webseite<\/li>\n<li>Sprachen<\/li>\n<li>Mobil &amp; SEO<\/li>\n<li>Monitoring<\/li>\n<li>E-Commerce<\/li>\n<li>Support<\/li>\n<li>Empfohlen f\u00fcr<\/li>\n<\/ul>\n[\/mk_pricing_table][\/vc_column][\/mk_page_section][mk_page_section bg_image=&#8220;https:\/\/www.amweb.ch\/wp-content\/uploads\/2016\/12\/meeting.jpg&#8220; attachment=&#8220;fixed&#8220; bg_position=&#8220;center center&#8220; bg_repeat=&#8220;no-repeat&#8220; bg_stretch=&#8220;true&#8220; bg_gradient=&#8220;horizontal&#8220; video_color_mask=&#8220;#0bac7e&#8220; gr_end=&#8220;#164194&#8243; video_opacity=&#8220;0.8&#8243; full_width=&#8220;true&#8220; padding_top=&#8220;180&#8243; padding_bottom=&#8220;180&#8243; has_top_shape_divider=&#8220;true&#8220; top_shape_style=&#8220;jagged-top&#8220; top_shape_color=&#8220;#f9fafc&#8220; bottom_shape_color=&#8220;#ffffff&#8220; sidebar=&#8220;sidebar-1&#8243; first_page=&#8220;false&#8220; last_page=&#8220;false&#8220;][vc_column][mk_fancy_title tag_name=&#8220;h4&#8243; color=&#8220;#ffffff&#8220; size=&#8220;30&#8243; txt_transform=&#8220;none&#8220; font_family=&#8220;none&#8220; align=&#8220;center&#8220;]Wie kann ich Ihnen helfen?[\/mk_fancy_title][mk_fancy_title tag_name=&#8220;h5&#8243; color=&#8220;#ffffff&#8220; size=&#8220;16&#8243; txt_transform=&#8220;none&#8220; margin_top=&#8220;30&#8243; font_family=&#8220;none&#8220; align=&#8220;center&#8220;]Lassen Sie mich wissen, wie ich Ihnen helfen kann. Ich freue mich, Ihnen zuzuh\u00f6ren, Ihre Bed\u00fcrfnisse zu analysieren und Sie in Ihren Projekten zu unterst\u00fctzen.<\/p>\n<p>Meine Leidenschaft ist es, Ihre Projekte in kundenspezifische Webseiten umzuwandeln, welche zugleich schnell und kompatibel mit einer Vielzahl von Ger\u00e4ten sind.<\/p>\n<p>Ich habe mir die Herausforderung gestellt, dies zu tun, ohne Ihr Budget zu ruinieren, indem ich Ihnen erschwingliche, und nach Mass f\u00fcr Sie erstellte, monatliche Abonnements anbiete.<\/p>\n<p>Kontaktieren Sie mich und setzen Sie sofort einen Termin um \u00fcber Ihre zuk\u00fcnftigen Projekte zu diskutieren.[\/mk_fancy_title][vc_row_inner][vc_column_inner width=&#8220;1\/2&#8243;][mk_button dimension=&#8220;flat&#8220; corner_style=&#8220;rounded&#8220; size=&#8220;large&#8220; url=&#8220;\/contatto&#8220; target=&#8220;_blank&#8220; align=&#8220;right&#8220; btn_hover_bg=&#8220;#16a688&#8243;]KONTAKT[\/mk_button][\/vc_column_inner][vc_column_inner width=&#8220;1\/2&#8243;][mk_button dimension=&#8220;outline&#8220; corner_style=&#8220;rounded&#8220; size=&#8220;large&#8220; url=&#8220;\/servizi&#8220; outline_skin=&#8220;light&#8220;]DIENSTLEISTUNGEN[\/mk_button][\/vc_column_inner][\/vc_row_inner][\/vc_column][\/mk_page_section]\n<\/div>","protected":false},"excerpt":{"rendered":"<p>[vc_row fullwidth=&#8220;true&#8220; attached=&#8220;true&#8220; padding=&#8220;0&#8243;][vc_column][mk_edge_slider swiper_bg=&#8220;#1bbc9b&#8220; parallax=&#8220;true&#8220; order=&#8220;ASC&#8220; height=&#8220;750&#8243; animation_effect=&#8220;kenburned&#8220; direction_nav=&#8220;thumbflip&#8220; pagination=&#8220;none&#8220; skip_arrow=&#8220;false&#8220; el_class=&#8220;home-slider&#8220; slides=&#8220;18426, 18428, 18430&#8243;][\/vc_column][\/vc_row][mk_page_section bg_image=&#8220;https:\/\/www.amweb.ch\/wp-content\/uploads\/2016\/10\/imac_desk.jpg&#8220; attachment=&#8220;fixed&#8220; bg_position=&#8220;center center&#8220; bg_repeat=&#8220;no-repeat&#8220; bg_stretch=&#8220;true&#8220; bg_gradient=&#8220;horizontal&#8220; video_color_mask=&#8220;#0bac7e&#8220; gr_end=&#8220;#164194&#8243; video_opacity=&#8220;0.9&#8243; min_height=&#8220;50&#8243; full_width=&#8220;true&#8220; padding_top=&#8220;110&#8243; padding_bottom=&#8220;110&#8243; sidebar=&#8220;sidebar-1&#8243; first_page=&#8220;false&#8220; last_page=&#8220;false&#8220;][vc_column offset=&#8220;vc_col-lg-offset-3 vc_col-lg-6 vc_col-md-offset-3 vc_col-md-6&#8243;][mk_fancy_title tag_name=&#8220;h4&#8243; color=&#8220;#ffffff&#8220; size=&#8220;30&#8243; txt_transform=&#8220;none&#8220; margin_bottom=&#8220;0&#8243; font_family=&#8220;none&#8220; align=&#8220;center&#8220;]Komplette, schnelle und g\u00fcnstige Dienstleistungen[\/mk_fancy_title][mk_fancy_title tag_name=&#8220;h5&#8243; color=&#8220;#ffffff&#8220; size=&#8220;16&#8243; txt_transform=&#8220;none&#8220; margin_top=&#8220;30&#8243; margin_bottom=&#8220;60&#8243; font_family=&#8220;none&#8220; [&hellip;]<\/p>\n","protected":false},"author":1,"featured_media":0,"parent":0,"menu_order":0,"comment_status":"closed","ping_status":"closed","template":"","meta":{"footnotes":""},"yoast_head":"<!-- This site is optimized with the Yoast SEO plugin v22.4 - https:\/\/yoast.com\/wordpress\/plugins\/seo\/ -->\n<title>Home | AMWeb | Web-Entwicklung und Beratung<\/title>\n<meta name=\"description\" content=\"AMWeb bietet zahlreiche Dienste an: Web-Entwicklung, Domains, Hosting, E-Mail, Suchmaschinenoptimierung (SEO), Beratung und Support\" \/>\n<meta name=\"robots\" content=\"index, follow, max-snippet:-1, max-image-preview:large, max-video-preview:-1\" \/>\n<link rel=\"canonical\" href=\"https:\/\/www.amweb.ch\/de\/\" \/>\n<meta property=\"og:locale\" content=\"de_DE\" \/>\n<meta property=\"og:type\" content=\"article\" \/>\n<meta property=\"og:title\" content=\"Home | AMWeb | Web-Entwicklung und Beratung\" \/>\n<meta property=\"og:description\" content=\"AMWeb bietet zahlreiche Dienste an: Web-Entwicklung, Domains, Hosting, E-Mail, Suchmaschinenoptimierung (SEO), Beratung und Support\" \/>\n<meta property=\"og:url\" content=\"https:\/\/www.amweb.ch\/de\/\" \/>\n<meta property=\"og:site_name\" content=\"AMWeb\" \/>\n<meta property=\"article:publisher\" content=\"https:\/\/www.facebook.com\/amweb.ch\" \/>\n<meta property=\"article:modified_time\" content=\"2017-08-23T12:49:21+00:00\" \/>\n<meta property=\"og:image\" content=\"https:\/\/www.amweb.ch\/wp-content\/uploads\/2017\/01\/amw_logo_sq300.png\" \/>\n\t<meta property=\"og:image:width\" content=\"301\" \/>\n\t<meta property=\"og:image:height\" content=\"301\" \/>\n\t<meta property=\"og:image:type\" content=\"image\/png\" \/>\n<meta name=\"twitter:card\" content=\"summary_large_image\" \/>\n<meta name=\"twitter:site\" content=\"@AMWebch\" \/>\n<meta name=\"twitter:label1\" content=\"Gesch\u00e4tzte Lesezeit\" \/>\n\t<meta name=\"twitter:data1\" content=\"9\u00a0Minuten\" \/>\n<script type=\"application\/ld+json\" class=\"yoast-schema-graph\">{\"@context\":\"https:\/\/schema.org\",\"@graph\":[{\"@type\":\"WebPage\",\"@id\":\"https:\/\/www.amweb.ch\/de\/\",\"url\":\"https:\/\/www.amweb.ch\/de\/\",\"name\":\"Home | AMWeb | Web-Entwicklung und Beratung\",\"isPartOf\":{\"@id\":\"https:\/\/www.amweb.ch\/it\/#website\"},\"datePublished\":\"2017-01-01T10:11:10+00:00\",\"dateModified\":\"2017-08-23T12:49:21+00:00\",\"description\":\"AMWeb bietet zahlreiche Dienste an: Web-Entwicklung, Domains, Hosting, E-Mail, Suchmaschinenoptimierung (SEO), Beratung und Support\",\"breadcrumb\":{\"@id\":\"https:\/\/www.amweb.ch\/de\/#breadcrumb\"},\"inLanguage\":\"de\",\"potentialAction\":[{\"@type\":\"ReadAction\",\"target\":[\"https:\/\/www.amweb.ch\/de\/\"]}]},{\"@type\":\"BreadcrumbList\",\"@id\":\"https:\/\/www.amweb.ch\/de\/#breadcrumb\",\"itemListElement\":[{\"@type\":\"ListItem\",\"position\":1,\"name\":\"Home\",\"item\":\"https:\/\/www.amweb.ch\/de\/\"},{\"@type\":\"ListItem\",\"position\":2,\"name\":\"Home\"}]},{\"@type\":\"WebSite\",\"@id\":\"https:\/\/www.amweb.ch\/it\/#website\",\"url\":\"https:\/\/www.amweb.ch\/it\/\",\"name\":\"AMWeb\",\"description\":\"Sviluppo web e consulenza digitale\",\"publisher\":{\"@id\":\"https:\/\/www.amweb.ch\/it\/#organization\"},\"potentialAction\":[{\"@type\":\"SearchAction\",\"target\":{\"@type\":\"EntryPoint\",\"urlTemplate\":\"https:\/\/www.amweb.ch\/it\/?s={search_term_string}\"},\"query-input\":\"required name=search_term_string\"}],\"inLanguage\":\"de\"},{\"@type\":\"Organization\",\"@id\":\"https:\/\/www.amweb.ch\/it\/#organization\",\"name\":\"AMWeb di Aron Martinez\",\"url\":\"https:\/\/www.amweb.ch\/it\/\",\"logo\":{\"@type\":\"ImageObject\",\"inLanguage\":\"de\",\"@id\":\"https:\/\/www.amweb.ch\/it\/#\/schema\/logo\/image\/\",\"url\":\"https:\/\/www.amweb.ch\/wp-content\/uploads\/2017\/01\/amw_logo_150.png\",\"contentUrl\":\"https:\/\/www.amweb.ch\/wp-content\/uploads\/2017\/01\/amw_logo_150.png\",\"width\":151,\"height\":187,\"caption\":\"AMWeb di Aron Martinez\"},\"image\":{\"@id\":\"https:\/\/www.amweb.ch\/it\/#\/schema\/logo\/image\/\"},\"sameAs\":[\"https:\/\/www.facebook.com\/amweb.ch\",\"https:\/\/twitter.com\/AMWebch\",\"https:\/\/www.instagram.com\/amwebch\/\",\"https:\/\/www.linkedin.com\/company\/amweb\"]}]}<\/script>\n<!-- \/ Yoast SEO plugin. -->","yoast_head_json":{"title":"Home | AMWeb | Web-Entwicklung und Beratung","description":"AMWeb bietet zahlreiche Dienste an: Web-Entwicklung, Domains, Hosting, E-Mail, Suchmaschinenoptimierung (SEO), Beratung und Support","robots":{"index":"index","follow":"follow","max-snippet":"max-snippet:-1","max-image-preview":"max-image-preview:large","max-video-preview":"max-video-preview:-1"},"canonical":"https:\/\/www.amweb.ch\/de\/","og_locale":"de_DE","og_type":"article","og_title":"Home | AMWeb | Web-Entwicklung und Beratung","og_description":"AMWeb bietet zahlreiche Dienste an: Web-Entwicklung, Domains, Hosting, E-Mail, Suchmaschinenoptimierung (SEO), Beratung und Support","og_url":"https:\/\/www.amweb.ch\/de\/","og_site_name":"AMWeb","article_publisher":"https:\/\/www.facebook.com\/amweb.ch","article_modified_time":"2017-08-23T12:49:21+00:00","og_image":[{"width":301,"height":301,"url":"https:\/\/www.amweb.ch\/wp-content\/uploads\/2017\/01\/amw_logo_sq300.png","type":"image\/png"}],"twitter_card":"summary_large_image","twitter_site":"@AMWebch","twitter_misc":{"Gesch\u00e4tzte Lesezeit":"9\u00a0Minuten"},"schema":{"@context":"https:\/\/schema.org","@graph":[{"@type":"WebPage","@id":"https:\/\/www.amweb.ch\/de\/","url":"https:\/\/www.amweb.ch\/de\/","name":"Home | AMWeb | Web-Entwicklung und Beratung","isPartOf":{"@id":"https:\/\/www.amweb.ch\/it\/#website"},"datePublished":"2017-01-01T10:11:10+00:00","dateModified":"2017-08-23T12:49:21+00:00","description":"AMWeb bietet zahlreiche Dienste an: Web-Entwicklung, Domains, Hosting, E-Mail, Suchmaschinenoptimierung (SEO), Beratung und Support","breadcrumb":{"@id":"https:\/\/www.amweb.ch\/de\/#breadcrumb"},"inLanguage":"de","potentialAction":[{"@type":"ReadAction","target":["https:\/\/www.amweb.ch\/de\/"]}]},{"@type":"BreadcrumbList","@id":"https:\/\/www.amweb.ch\/de\/#breadcrumb","itemListElement":[{"@type":"ListItem","position":1,"name":"Home","item":"https:\/\/www.amweb.ch\/de\/"},{"@type":"ListItem","position":2,"name":"Home"}]},{"@type":"WebSite","@id":"https:\/\/www.amweb.ch\/it\/#website","url":"https:\/\/www.amweb.ch\/it\/","name":"AMWeb","description":"Sviluppo web e consulenza digitale","publisher":{"@id":"https:\/\/www.amweb.ch\/it\/#organization"},"potentialAction":[{"@type":"SearchAction","target":{"@type":"EntryPoint","urlTemplate":"https:\/\/www.amweb.ch\/it\/?s={search_term_string}"},"query-input":"required name=search_term_string"}],"inLanguage":"de"},{"@type":"Organization","@id":"https:\/\/www.amweb.ch\/it\/#organization","name":"AMWeb di Aron Martinez","url":"https:\/\/www.amweb.ch\/it\/","logo":{"@type":"ImageObject","inLanguage":"de","@id":"https:\/\/www.amweb.ch\/it\/#\/schema\/logo\/image\/","url":"https:\/\/www.amweb.ch\/wp-content\/uploads\/2017\/01\/amw_logo_150.png","contentUrl":"https:\/\/www.amweb.ch\/wp-content\/uploads\/2017\/01\/amw_logo_150.png","width":151,"height":187,"caption":"AMWeb di Aron Martinez"},"image":{"@id":"https:\/\/www.amweb.ch\/it\/#\/schema\/logo\/image\/"},"sameAs":["https:\/\/www.facebook.com\/amweb.ch","https:\/\/twitter.com\/AMWebch","https:\/\/www.instagram.com\/amwebch\/","https:\/\/www.linkedin.com\/company\/amweb"]}]}},"_links":{"self":[{"href":"https:\/\/www.amweb.ch\/de\/wp-json\/wp\/v2\/pages\/7016"}],"collection":[{"href":"https:\/\/www.amweb.ch\/de\/wp-json\/wp\/v2\/pages"}],"about":[{"href":"https:\/\/www.amweb.ch\/de\/wp-json\/wp\/v2\/types\/page"}],"author":[{"embeddable":true,"href":"https:\/\/www.amweb.ch\/de\/wp-json\/wp\/v2\/users\/1"}],"replies":[{"embeddable":true,"href":"https:\/\/www.amweb.ch\/de\/wp-json\/wp\/v2\/comments?post=7016"}],"version-history":[{"count":10,"href":"https:\/\/www.amweb.ch\/de\/wp-json\/wp\/v2\/pages\/7016\/revisions"}],"predecessor-version":[{"id":19462,"href":"https:\/\/www.amweb.ch\/de\/wp-json\/wp\/v2\/pages\/7016\/revisions\/19462"}],"wp:attachment":[{"href":"https:\/\/www.amweb.ch\/de\/wp-json\/wp\/v2\/media?parent=7016"}],"curies":[{"name":"wp","href":"https:\/\/api.w.org\/{rel}","templated":true}]}}